{"id":922,"date":"2021-11-02T12:09:32","date_gmt":"2021-11-02T16:09:32","guid":{"rendered":"https:\/\/creeksideinspirations.ca\/?page_id=922"},"modified":"2026-03-06T09:48:59","modified_gmt":"2026-03-06T14:48:59","slug":"an-athletic-coaching-analogy","status":"publish","type":"page","link":"https:\/\/creeksideinspirations.ca\/de\/an-athletic-coaching-analogy\/","title":{"rendered":"Sportcoaching Analogie"},"content":{"rendered":"<p style=\"font-size:clamp(14px, 0.875rem + ((1vw - 3.2px) * 0.341), 17px);\">Manchmal werde ich gefragt, was Coaching ist. Hier ist eine Analogie dazu:<\/p>\n\n\n\n<p style=\"font-size:clamp(14px, 0.875rem + ((1vw - 3.2px) * 0.341), 17px);\">Stell dir vor, du w\u00e4rst Sportler. Du bist gut, motiviert und willst noch besser werden. Es ist \u00fcblich, einen Trainer zu engagieren. Dein Trainer sieht dich als vollkommen f\u00e4hig und im Besitz aller notwendigen Ressourcen, um deinen Weg zu gehen. Dein Coach ist ein Partner, Ratgeber und Advokat. Und dein Coach zieht dich zur Rechenschaft \u2013 immer in deinem besten Interesse.<\/p>\n\n\n\n<p style=\"font-size:clamp(14px, 0.875rem + ((1vw - 3.2px) * 0.341), 17px);\">Coaches in allen T\u00e4tigkeitsbereichen unterst\u00fctzen dich als Person. Coaches stehen dir zur Seite bei der Entwicklung von Strategien f\u00fcr berufliches oder pers\u00f6nliches Wachstum, sowie bei der Verfolgung deiner Ziele und der Verwirklichung deiner Visionen.<\/p>\n\n\n\n<figure class=\"wp-block-image aligncenter size-large is-resized\"><img data-recalc-dims=\"1\" loading=\"lazy\" decoding=\"async\" width=\"640\" height=\"427\" src=\"https:\/\/i0.wp.com\/creeksideinspirations.ca\/wp-content\/uploads\/2021\/11\/211102-Female-sport-coach-dan-burton-vuZi5zk5W-A-unsplash-small.jpg?resize=640%2C427&#038;ssl=1\" alt=\"\" class=\"wp-image-923\" style=\"width:512px;height:342px\" srcset=\"https:\/\/i0.wp.com\/creeksideinspirations.ca\/wp-content\/uploads\/2021\/11\/211102-Female-sport-coach-dan-burton-vuZi5zk5W-A-unsplash-small.jpg?resize=1024%2C683&amp;ssl=1 1024w, https:\/\/i0.wp.com\/creeksideinspirations.ca\/wp-content\/uploads\/2021\/11\/211102-Female-sport-coach-dan-burton-vuZi5zk5W-A-unsplash-small.jpg?resize=300%2C200&amp;ssl=1 300w, https:\/\/i0.wp.com\/creeksideinspirations.ca\/wp-content\/uploads\/2021\/11\/211102-Female-sport-coach-dan-burton-vuZi5zk5W-A-unsplash-small.jpg?resize=768%2C512&amp;ssl=1 768w, https:\/\/i0.wp.com\/creeksideinspirations.ca\/wp-content\/uploads\/2021\/11\/211102-Female-sport-coach-dan-burton-vuZi5zk5W-A-unsplash-small.jpg?resize=1536%2C1024&amp;ssl=1 1536w, https:\/\/i0.wp.com\/creeksideinspirations.ca\/wp-content\/uploads\/2021\/11\/211102-Female-sport-coach-dan-burton-vuZi5zk5W-A-unsplash-small.jpg?resize=570%2C380&amp;ssl=1 570w, https:\/\/i0.wp.com\/creeksideinspirations.ca\/wp-content\/uploads\/2021\/11\/211102-Female-sport-coach-dan-burton-vuZi5zk5W-A-unsplash-small.jpg?resize=380%2C254&amp;ssl=1 380w, https:\/\/i0.wp.com\/creeksideinspirations.ca\/wp-content\/uploads\/2021\/11\/211102-Female-sport-coach-dan-burton-vuZi5zk5W-A-unsplash-small.jpg?resize=285%2C190&amp;ssl=1 285w, https:\/\/i0.wp.com\/creeksideinspirations.ca\/wp-content\/uploads\/2021\/11\/211102-Female-sport-coach-dan-burton-vuZi5zk5W-A-unsplash-small.jpg?w=1773&amp;ssl=1 1773w, https:\/\/i0.wp.com\/creeksideinspirations.ca\/wp-content\/uploads\/2021\/11\/211102-Female-sport-coach-dan-burton-vuZi5zk5W-A-unsplash-small.jpg?w=1280&amp;ssl=1 1280w\" sizes=\"auto, (max-width: 640px) 100vw, 640px\" \/><\/figure>\n\n\n\n<p>Do you want to talk about your goals, your visions, your perspectives, and your current challenges? <\/p>\n\n\n\n<div class=\"wp-block-buttons is-content-justification-center is-layout-flex wp-container-core-buttons-is-layout-a89b3969 wp-block-buttons-is-layout-flex\">\n<div class=\"wp-block-button\"><a class=\"wp-block-button__link has-background wp-element-button\" href=\"https:\/\/tidycal.com\/manuelazeitlhofer\/30\" style=\"background-color:#eeb821\" target=\"_blank\" rel=\"noreferrer noopener\">Schedule a <br>FREE<br>Discovery Conversation<\/a><\/div>\n<\/div>\n\n\n\n<p><\/p>","protected":false},"excerpt":{"rendered":"<p>People sometimes ask me what coaching is. I want to answer the question with an analogy: Imagine you were an athlete. You are good, motivated and you want to get even better. It is standard to hire a coach. Your coach sees you as capable and resourceful. She or he is your partner, guide and [&hellip;]<\/p>\n","protected":false},"author":1,"featured_media":0,"parent":0,"menu_order":0,"comment_status":"closed","ping_status":"closed","template":"","meta":{"googlesitekit_rrm_CAowkvjfCw:productID":"","_coblocks_attr":"","_coblocks_dimensions":"","_coblocks_responsive_height":"","_coblocks_accordion_ie_support":"","om_disable_all_campaigns":false,"_monsterinsights_skip_tracking":false,"_monsterinsights_sitenote_active":false,"_monsterinsights_sitenote_note":"","_monsterinsights_sitenote_category":0,"jetpack_post_was_ever_published":false,"footnotes":""},"class_list":["post-922","page","type-page","status-publish","hentry"],"aioseo_notices":[],"jetpack-related-posts":[],"jetpack_sharing_enabled":true,"jetpack_likes_enabled":true,"_links":{"self":[{"href":"https:\/\/creeksideinspirations.ca\/de\/wp-json\/wp\/v2\/pages\/922","targetHints":{"allow":["GET"]}}],"collection":[{"href":"https:\/\/creeksideinspirations.ca\/de\/wp-json\/wp\/v2\/pages"}],"about":[{"href":"https:\/\/creeksideinspirations.ca\/de\/wp-json\/wp\/v2\/types\/page"}],"author":[{"embeddable":true,"href":"https:\/\/creeksideinspirations.ca\/de\/wp-json\/wp\/v2\/users\/1"}],"replies":[{"embeddable":true,"href":"https:\/\/creeksideinspirations.ca\/de\/wp-json\/wp\/v2\/comments?post=922"}],"version-history":[{"count":6,"href":"https:\/\/creeksideinspirations.ca\/de\/wp-json\/wp\/v2\/pages\/922\/revisions"}],"predecessor-version":[{"id":8997,"href":"https:\/\/creeksideinspirations.ca\/de\/wp-json\/wp\/v2\/pages\/922\/revisions\/8997"}],"wp:attachment":[{"href":"https:\/\/creeksideinspirations.ca\/de\/wp-json\/wp\/v2\/media?parent=922"}],"curies":[{"name":"wp","href":"https:\/\/api.w.org\/{rel}","templated":true}]}}