{"id":43,"date":"2020-01-24T01:30:34","date_gmt":"2020-01-24T01:30:34","guid":{"rendered":"https:\/\/creeksideinspirations.ca\/?page_id=43"},"modified":"2026-02-04T14:38:17","modified_gmt":"2026-02-04T19:38:17","slug":"publications","status":"publish","type":"page","link":"https:\/\/creeksideinspirations.ca\/de\/publications\/","title":{"rendered":"Publikationen"},"content":{"rendered":"<h3 class=\"wp-block-heading\" id=\"life-in-the-canadian-wilderness\" style=\"font-size:clamp(14.642px, 0.915rem + ((1vw - 3.2px) * 0.836), 22px);\"><em>Leben in der kanadischen Wildnis<\/em><\/h3>\n\n\n\n<p style=\"font-size:clamp(14px, 0.875rem + ((1vw - 3.2px) * 0.455), 18px);\">Mein Name ist Manuela Zeitlhofer. Ich habe immer schon gerne geschrieben. Als ich in die kanadische Wildnis gezogen bin, habe ich einen Blog gestartet, in dem ich Geschichten und Fotos aus meinem Leben geteilt habe. F\u00fcr Freunde und Familie gedacht, stellte sich schnell heraus, dass auch andere Menschen diese Geschichten gerne lasen. Also beschloss ich, ein Buch (und sp\u00e4ter ein weiteres) zu ver\u00f6ffentlichen.<\/p>\n\n\n\n<p style=\"font-size:clamp(14px, 0.875rem + ((1vw - 3.2px) * 0.455), 18px);\">Das Leben hat eine Art sich zu entfalten, und unser Leben in der Wildnis des Yukon-Territoriums hat sich zu einem Leben am Rande der Wildnis etwas weiter s\u00fcd\u00f6stlich, aber immer noch in Kanada, entwickelt. Wenn es die Zeit erlaubt, schreibe ich, inspiriert und gen\u00e4hrt von der nat\u00fcrlichen Sch\u00f6nheit Kanadas, immer noch.<\/p>\n\n\n\n<p style=\"font-size:clamp(14px, 0.875rem + ((1vw - 3.2px) * 0.455), 18px);\">Meine B\u00fccher <em>Leben in der Wildnis des kanadischen Yukon Territoriums<\/em>, und <em>Familienleben in der Wildnis des kanadischen Yukon Territoriums<\/em> are available on <a href=\"https:\/\/www.amazon.ca\/s?k=manuela+zeitlhofer&amp;crid=2G9V5YSXMPI3O&amp;sprefix=manuela+zeitlhofer%2Caps%2C9838&amp;ref=nb_sb_noss_1\" target=\"_blank\" rel=\"noreferrer noopener\">Amazon<\/a>.<\/p>\n\n\n\n<figure class=\"wp-block-gallery has-nested-images columns-default is-cropped wp-block-gallery-1 is-layout-flex wp-block-gallery-is-layout-flex\">\n<figure class=\"wp-block-image size-large\"><img data-recalc-dims=\"1\" loading=\"lazy\" decoding=\"async\" width=\"640\" height=\"904\" data-id=\"296\" src=\"https:\/\/i0.wp.com\/creeksideinspirations.ca\/wp-content\/uploads\/2020\/02\/Wilderness-Life-COVER.jpg?resize=640%2C904&#038;ssl=1\" alt=\"\" class=\"wp-image-296\" srcset=\"https:\/\/i0.wp.com\/creeksideinspirations.ca\/wp-content\/uploads\/2020\/02\/Wilderness-Life-COVER.jpg?resize=725%2C1024&amp;ssl=1 725w, https:\/\/i0.wp.com\/creeksideinspirations.ca\/wp-content\/uploads\/2020\/02\/Wilderness-Life-COVER.jpg?resize=213%2C300&amp;ssl=1 213w, https:\/\/i0.wp.com\/creeksideinspirations.ca\/wp-content\/uploads\/2020\/02\/Wilderness-Life-COVER.jpg?resize=768%2C1084&amp;ssl=1 768w, https:\/\/i0.wp.com\/creeksideinspirations.ca\/wp-content\/uploads\/2020\/02\/Wilderness-Life-COVER.jpg?resize=1088%2C1536&amp;ssl=1 1088w, https:\/\/i0.wp.com\/creeksideinspirations.ca\/wp-content\/uploads\/2020\/02\/Wilderness-Life-COVER.jpg?resize=1451%2C2048&amp;ssl=1 1451w, https:\/\/i0.wp.com\/creeksideinspirations.ca\/wp-content\/uploads\/2020\/02\/Wilderness-Life-COVER.jpg?resize=600%2C847&amp;ssl=1 600w, https:\/\/i0.wp.com\/creeksideinspirations.ca\/wp-content\/uploads\/2020\/02\/Wilderness-Life-COVER.jpg?w=1796&amp;ssl=1 1796w, https:\/\/i0.wp.com\/creeksideinspirations.ca\/wp-content\/uploads\/2020\/02\/Wilderness-Life-COVER.jpg?w=1280&amp;ssl=1 1280w\" sizes=\"auto, (max-width: 640px) 100vw, 640px\" \/><\/figure>\n\n\n\n<figure class=\"wp-block-image size-large\"><img data-recalc-dims=\"1\" loading=\"lazy\" decoding=\"async\" width=\"640\" height=\"964\" data-id=\"295\" src=\"https:\/\/i0.wp.com\/creeksideinspirations.ca\/wp-content\/uploads\/2020\/02\/Family-Life-COVER-1.jpg?resize=640%2C964&#038;ssl=1\" alt=\"\" class=\"wp-image-295\" srcset=\"https:\/\/i0.wp.com\/creeksideinspirations.ca\/wp-content\/uploads\/2020\/02\/Family-Life-COVER-1.jpg?resize=680%2C1024&amp;ssl=1 680w, https:\/\/i0.wp.com\/creeksideinspirations.ca\/wp-content\/uploads\/2020\/02\/Family-Life-COVER-1.jpg?resize=199%2C300&amp;ssl=1 199w, https:\/\/i0.wp.com\/creeksideinspirations.ca\/wp-content\/uploads\/2020\/02\/Family-Life-COVER-1.jpg?resize=768%2C1157&amp;ssl=1 768w, https:\/\/i0.wp.com\/creeksideinspirations.ca\/wp-content\/uploads\/2020\/02\/Family-Life-COVER-1.jpg?resize=1020%2C1536&amp;ssl=1 1020w, https:\/\/i0.wp.com\/creeksideinspirations.ca\/wp-content\/uploads\/2020\/02\/Family-Life-COVER-1.jpg?resize=1360%2C2048&amp;ssl=1 1360w, https:\/\/i0.wp.com\/creeksideinspirations.ca\/wp-content\/uploads\/2020\/02\/Family-Life-COVER-1.jpg?resize=600%2C904&amp;ssl=1 600w, https:\/\/i0.wp.com\/creeksideinspirations.ca\/wp-content\/uploads\/2020\/02\/Family-Life-COVER-1.jpg?w=1684&amp;ssl=1 1684w, https:\/\/i0.wp.com\/creeksideinspirations.ca\/wp-content\/uploads\/2020\/02\/Family-Life-COVER-1.jpg?w=1280&amp;ssl=1 1280w\" sizes=\"auto, (max-width: 640px) 100vw, 640px\" \/><\/figure>\n<\/figure>\n\n\n\n<figure class=\"wp-block-gallery has-nested-images columns-default is-cropped wp-block-gallery-2 is-layout-flex wp-block-gallery-is-layout-flex\">\n<figure class=\"wp-block-image size-large\"><img data-recalc-dims=\"1\" loading=\"lazy\" decoding=\"async\" width=\"640\" height=\"957\" data-id=\"299\" src=\"https:\/\/i0.wp.com\/creeksideinspirations.ca\/wp-content\/uploads\/2020\/02\/Familienleben-in-der-Wildnis-COVER.jpg?resize=640%2C957&#038;ssl=1\" alt=\"\" class=\"wp-image-299\" srcset=\"https:\/\/i0.wp.com\/creeksideinspirations.ca\/wp-content\/uploads\/2020\/02\/Familienleben-in-der-Wildnis-COVER.jpg?resize=685%2C1024&amp;ssl=1 685w, https:\/\/i0.wp.com\/creeksideinspirations.ca\/wp-content\/uploads\/2020\/02\/Familienleben-in-der-Wildnis-COVER.jpg?resize=201%2C300&amp;ssl=1 201w, https:\/\/i0.wp.com\/creeksideinspirations.ca\/wp-content\/uploads\/2020\/02\/Familienleben-in-der-Wildnis-COVER.jpg?resize=768%2C1147&amp;ssl=1 768w, https:\/\/i0.wp.com\/creeksideinspirations.ca\/wp-content\/uploads\/2020\/02\/Familienleben-in-der-Wildnis-COVER.jpg?resize=1028%2C1536&amp;ssl=1 1028w, https:\/\/i0.wp.com\/creeksideinspirations.ca\/wp-content\/uploads\/2020\/02\/Familienleben-in-der-Wildnis-COVER.jpg?resize=1371%2C2048&amp;ssl=1 1371w, https:\/\/i0.wp.com\/creeksideinspirations.ca\/wp-content\/uploads\/2020\/02\/Familienleben-in-der-Wildnis-COVER.jpg?w=1690&amp;ssl=1 1690w, https:\/\/i0.wp.com\/creeksideinspirations.ca\/wp-content\/uploads\/2020\/02\/Familienleben-in-der-Wildnis-COVER.jpg?w=1280&amp;ssl=1 1280w\" sizes=\"auto, (max-width: 640px) 100vw, 640px\" \/><\/figure>\n\n\n\n<figure class=\"wp-block-image size-large\"><img data-recalc-dims=\"1\" loading=\"lazy\" decoding=\"async\" width=\"640\" height=\"920\" data-id=\"301\" src=\"https:\/\/i0.wp.com\/creeksideinspirations.ca\/wp-content\/uploads\/2020\/02\/Alltag-in-der-Wildnis-COVER-1.jpg?resize=640%2C920&#038;ssl=1\" alt=\"\" class=\"wp-image-301\" srcset=\"https:\/\/i0.wp.com\/creeksideinspirations.ca\/wp-content\/uploads\/2020\/02\/Alltag-in-der-Wildnis-COVER-1.jpg?resize=712%2C1024&amp;ssl=1 712w, https:\/\/i0.wp.com\/creeksideinspirations.ca\/wp-content\/uploads\/2020\/02\/Alltag-in-der-Wildnis-COVER-1.jpg?resize=209%2C300&amp;ssl=1 209w, https:\/\/i0.wp.com\/creeksideinspirations.ca\/wp-content\/uploads\/2020\/02\/Alltag-in-der-Wildnis-COVER-1.jpg?resize=768%2C1105&amp;ssl=1 768w, https:\/\/i0.wp.com\/creeksideinspirations.ca\/wp-content\/uploads\/2020\/02\/Alltag-in-der-Wildnis-COVER-1.jpg?resize=1068%2C1536&amp;ssl=1 1068w, https:\/\/i0.wp.com\/creeksideinspirations.ca\/wp-content\/uploads\/2020\/02\/Alltag-in-der-Wildnis-COVER-1.jpg?resize=1424%2C2048&amp;ssl=1 1424w, https:\/\/i0.wp.com\/creeksideinspirations.ca\/wp-content\/uploads\/2020\/02\/Alltag-in-der-Wildnis-COVER-1.jpg?resize=600%2C863&amp;ssl=1 600w, https:\/\/i0.wp.com\/creeksideinspirations.ca\/wp-content\/uploads\/2020\/02\/Alltag-in-der-Wildnis-COVER-1.jpg?w=1703&amp;ssl=1 1703w, https:\/\/i0.wp.com\/creeksideinspirations.ca\/wp-content\/uploads\/2020\/02\/Alltag-in-der-Wildnis-COVER-1.jpg?w=1280&amp;ssl=1 1280w\" sizes=\"auto, (max-width: 640px) 100vw, 640px\" \/><\/figure>\n<\/figure>\n\n\n\n<div class=\"wp-block-columns is-layout-flex wp-container-core-columns-is-layout-28f84493 wp-block-columns-is-layout-flex\">\n<div class=\"wp-block-column is-layout-flow wp-block-column-is-layout-flow\" style=\"flex-basis:100%\">\n<div class=\"wp-block-columns is-layout-flex wp-container-core-columns-is-layout-28f84493 wp-block-columns-is-layout-flex\">\n<div class=\"wp-block-column is-layout-flow wp-block-column-is-layout-flow\" style=\"flex-basis:100%\"><\/div>\n<\/div>\n<\/div>\n<\/div>","protected":false},"excerpt":{"rendered":"<p>Life in the Canadian Wilderness My name is Manuela Zeitlhofer. I have always enjoyed writing. When I first moved into the Canadian Wilderness, I started a blog, on which I shared stories and photos of my life. Intended for friends and family, it soon became apparent that other people like to read those stories, too. [&hellip;]<\/p>\n","protected":false},"author":1,"featured_media":0,"parent":0,"menu_order":0,"comment_status":"closed","ping_status":"closed","template":"","meta":{"googlesitekit_rrm_CAowkvjfCw:productID":"","_coblocks_attr":"","_coblocks_dimensions":"","_coblocks_responsive_height":"","_coblocks_accordion_ie_support":"","om_disable_all_campaigns":false,"_monsterinsights_skip_tracking":false,"_monsterinsights_sitenote_active":false,"_monsterinsights_sitenote_note":"","_monsterinsights_sitenote_category":0,"jetpack_post_was_ever_published":false,"footnotes":""},"class_list":["post-43","page","type-page","status-publish","hentry"],"aioseo_notices":[],"jetpack-related-posts":[],"jetpack_sharing_enabled":true,"jetpack_likes_enabled":true,"_links":{"self":[{"href":"https:\/\/creeksideinspirations.ca\/de\/wp-json\/wp\/v2\/pages\/43","targetHints":{"allow":["GET"]}}],"collection":[{"href":"https:\/\/creeksideinspirations.ca\/de\/wp-json\/wp\/v2\/pages"}],"about":[{"href":"https:\/\/creeksideinspirations.ca\/de\/wp-json\/wp\/v2\/types\/page"}],"author":[{"embeddable":true,"href":"https:\/\/creeksideinspirations.ca\/de\/wp-json\/wp\/v2\/users\/1"}],"replies":[{"embeddable":true,"href":"https:\/\/creeksideinspirations.ca\/de\/wp-json\/wp\/v2\/comments?post=43"}],"version-history":[{"count":9,"href":"https:\/\/creeksideinspirations.ca\/de\/wp-json\/wp\/v2\/pages\/43\/revisions"}],"predecessor-version":[{"id":8762,"href":"https:\/\/creeksideinspirations.ca\/de\/wp-json\/wp\/v2\/pages\/43\/revisions\/8762"}],"wp:attachment":[{"href":"https:\/\/creeksideinspirations.ca\/de\/wp-json\/wp\/v2\/media?parent=43"}],"curies":[{"name":"wp","href":"https:\/\/api.w.org\/{rel}","templated":true}]}}