{"id":38,"date":"2020-01-24T01:30:34","date_gmt":"2020-01-24T01:30:34","guid":{"rendered":"https:\/\/creeksideinspirations.ca\/?page_id=38"},"modified":"2026-03-30T10:57:30","modified_gmt":"2026-03-30T14:57:30","slug":"background","status":"publish","type":"page","link":"https:\/\/creeksideinspirations.ca\/de\/background\/","title":{"rendered":"About Your Coach"},"content":{"rendered":"<h3 class=\"wp-block-heading\" id=\"my-story\" style=\"font-size:clamp(14.642px, 0.915rem + ((1vw - 3.2px) * 0.836), 22px);\">Meine Geschichte<\/h3>\n\n\n\n<p style=\"font-size:clamp(14px, 0.875rem + ((1vw - 3.2px) * 0.455), 18px);\">Ich wurde in \u00d6sterreich geboren und wuchs in einem kleinen Dorf auf, das auf einem sanften H\u00fcgel n\u00f6rdlich der Donau lag. Das Leben war gut und vorhersehbar. <\/p>\n\n\n\n<p style=\"font-size:clamp(14px, 0.875rem + ((1vw - 3.2px) * 0.455), 18px);\">I felt like the world could be bigger. So I started to explore it. And that is how I landed in Canada. My goal was to live as far north as possible, where the human population is not dense, and nature is to live with and not to cultivate. I found the Yukon Territory, where I spent 12 years as wilderness guide, as teacher, and as homesteader in the wilderness. &#8211; Feel free to read up on that part of my life in <a href=\"https:\/\/creeksideinspirations.ca\/de\/publications\/\" target=\"_blank\" rel=\"noopener\" title=\"\">the books I wrote during my years in the wilderness<\/a>.<\/p>\n\n\n\n<p style=\"font-size:clamp(14px, 0.875rem + ((1vw - 3.2px) * 0.455), 18px);\">Leider musste ich lernen, dass ich mit einem (guten) Mann und seinem Alkoholismus nicht leben konnte, also verlie\u00df ich das Land und zog mit meiner damals vierj\u00e4hrigen Tochter nach Ontario, wo ich das gro\u00dfe Gl\u00fcck hatte, ein weiteres kleines Paradies in Form eines alten Hauses an einem pl\u00e4tschernden Bach fand, das denen nicht un\u00e4hnlich war, die ich aus \u00d6sterreich kannte.<\/p>\n\n\n\n<p style=\"font-size:clamp(14px, 0.875rem + ((1vw - 3.2px) * 0.455), 18px);\">Als alleinerziehende Mutter war es mein vorrangiges Ziel, mich um mein Kind zu k\u00fcmmern. Gleichzeitig renovierte ich (langsam) mein Haus und verdiente meinen (bescheidenen) Lebensunterhalt. Eine Kompetenz, die ich w\u00e4hrend meiner Zeit in der Wildnis erlernt hatte, erwies sich als sehr n\u00fctzlich: zu improvisieren und darauf zu vertrauen, dass es immer einen Weg gibt. So ist mein Kind Schritt f\u00fcr Schritt herangewachsen unser Haus ist an einem Punkt angelangt, an dem ich immer noch die Notwendigkeit sehe, verschiedenste Dinge zu reparieren. Aber ich wei\u00df auch, dass ich es schaffen kann.<\/p>\n\n\n\n<p style=\"font-size:clamp(14px, 0.875rem + ((1vw - 3.2px) * 0.455), 18px);\">Heute ist mein Leben voller Liebe und Zufriedenheit, und die Welt ist Teil unseres Lebens. Als Life-Coach unterst\u00fctze ich meine Klienten dabei, die Gewissheit zu st\u00e4rken, dass sie das Leben ihrer Tr\u00e4ume verwirklichen k\u00f6nnen.<\/p>\n\n\n\n<figure class=\"wp-block-image aligncenter size-large is-resized\"><img data-recalc-dims=\"1\" loading=\"lazy\" decoding=\"async\" width=\"640\" height=\"248\" src=\"https:\/\/i0.wp.com\/creeksideinspirations.ca\/wp-content\/uploads\/2021\/07\/210726-Hiking-Quebec-Anya-Manuela-Crop-1.jpg?resize=640%2C248&#038;ssl=1\" alt=\"\" class=\"wp-image-587\" style=\"width:512px;height:198px\" srcset=\"https:\/\/i0.wp.com\/creeksideinspirations.ca\/wp-content\/uploads\/2021\/07\/210726-Hiking-Quebec-Anya-Manuela-Crop-1.jpg?resize=1024%2C396&amp;ssl=1 1024w, https:\/\/i0.wp.com\/creeksideinspirations.ca\/wp-content\/uploads\/2021\/07\/210726-Hiking-Quebec-Anya-Manuela-Crop-1.jpg?resize=300%2C116&amp;ssl=1 300w, https:\/\/i0.wp.com\/creeksideinspirations.ca\/wp-content\/uploads\/2021\/07\/210726-Hiking-Quebec-Anya-Manuela-Crop-1.jpg?resize=768%2C297&amp;ssl=1 768w, https:\/\/i0.wp.com\/creeksideinspirations.ca\/wp-content\/uploads\/2021\/07\/210726-Hiking-Quebec-Anya-Manuela-Crop-1.jpg?w=1444&amp;ssl=1 1444w, https:\/\/i0.wp.com\/creeksideinspirations.ca\/wp-content\/uploads\/2021\/07\/210726-Hiking-Quebec-Anya-Manuela-Crop-1.jpg?w=1280&amp;ssl=1 1280w\" sizes=\"auto, (max-width: 640px) 100vw, 640px\" \/><\/figure>\n\n\n\n<h3 class=\"wp-block-heading\" id=\"professional-training\" style=\"font-size:clamp(14.642px, 0.915rem + ((1vw - 3.2px) * 0.836), 22px);\">Professionelles Training <\/h3>\n\n\n\n<p style=\"font-size:clamp(14px, 0.875rem + ((1vw - 3.2px) * 0.455), 18px);\"><a href=\"https:\/\/badges.wes.org\/Evidence?i=0d9901e1-c248-4bed-a5ff-26ea2168cf6f&amp;type=ca\" target=\"_blank\" rel=\"noreferrer noopener\">Masterabschl\u00fcsse<\/a> in den Sozial- und Wirtschaftswissenschaften,  den Unterrichtswissenschaften, sowie <a href=\"https:\/\/creeksideinspirations.ca\/de\/qualitystandards\/\" target=\"_blank\" rel=\"noreferrer noopener\">certifications as a Professional Life &amp; Business Coach<\/a> bilden die professionellen Grundlagen meiner Angebote im Life Coaching.<\/p>\n\n\n\n<h3 class=\"wp-block-heading\" id=\"why-i-am-a-life-coach\" style=\"font-size:clamp(14.642px, 0.915rem + ((1vw - 3.2px) * 0.836), 22px);\">Warum ich ein Life-Coach bin <\/h3>\n\n\n\n<p style=\"font-size:clamp(14px, 0.875rem + ((1vw - 3.2px) * 0.455), 18px);\">Ich entdeckte Life-Coaching, als ich in verwandten Bereichen arbeitete:<\/p>\n\n\n\n<p style=\"font-size:clamp(14px, 0.875rem + ((1vw - 3.2px) * 0.455), 18px);\">&#8211; <strong>Als professionelle Lehrerin<\/strong>: Ich unterrichte seit mehr als 10 Jahren Sprachen f\u00fcr Erwachsene. Das Unterrichten lernfreudiger Menschen \u00f6ffnete mir den Weg zum Life-Coaching, wo meine Dienst-Angebote stark individualisiert und meine Klienten zielorientiert, selbstgesteuert und sehr intelligent sind.<\/p>\n\n\n\n<p style=\"font-size:clamp(14px, 0.875rem + ((1vw - 3.2px) * 0.455), 18px);\">&#8211; <strong>Als Soziologin und Sozialarbeiterin<\/strong>: Meine zweite berufliche Wurzel ist die Soziologie. Ich arbeitete in verschiedenen Positionen im Sozialmanagement. Eine ganzheitliche Sicht auf einen Kunden f\u00fchrte zweifelsohne immer zu den nachhaltigsten Ergebnissen. Ich unterst\u00fctzte zum Beispiel als Sozialarbeiterin arbeitslose Jugendliche. Das Programm war strikt, und Erfolg wurde definiert als \"Arbeit finden und behalten\". Die nachhaltigsten Ergebnisse wurden erzielt, wenn der ganze Mensch unterst\u00fctzt wurde (genauso wie im Coaching).<\/p>\n\n\n\n<p style=\"font-size:clamp(14px, 0.875rem + ((1vw - 3.2px) * 0.455), 18px);\">&#8211; <strong>Als Wildnis-Tourguide<\/strong>: Ich arbeitete als Guide f\u00fcr Camping- und Wandertouren im Yukon-Territorium und in Alaska. Meine Aufgabe war es, einen Bus mit 13 Personen zu fahren, Abendessen zu kochen, Wanderungen zu leiten, den Campingplatz einzurichten und soziale Interaktionen zwischen Kunden zu vermitteln. Jede Person als komplett, f\u00e4hig und einfallsreich zu sehen, war der absolut beste Ansatz bei dieser Art von Arbeit: bei anstrengenden Wanderungen, langen Autofahrten, nie endenden Regenf\u00e4llen und in Konfliktsituationen (wie im Coaching!).<\/p>\n\n\n\n<p style=\"font-size:clamp(14px, 0.875rem + ((1vw - 3.2px) * 0.455), 18px);\">&#8211; <strong>Als Schriftstellerin<\/strong>: Ich lebte 11 Jahren in der kanadischen Wildnis. 8 Jahre davon lebte ich ohne Stra\u00dfenzugang, ohne Strom oder flie\u00dfendem Wasser. W\u00e4hrend dieser Zeit begann ich, \u00fcber mein Leben, meine Herausforderungen und Offenbarungen zu schreiben. Die Dinge, die ich \u00fcber Unabh\u00e4ngigkeit lernte, haben mein Weltbild gepr\u00e4gt und geh\u00f6ren zu meinem Repertoire als Life-Coach.<\/p>\n\n\n\n<h3 class=\"wp-block-heading\" id=\"why-i-am-a-life-coach\" style=\"font-size:clamp(14.642px, 0.915rem + ((1vw - 3.2px) * 0.836), 22px);\">My Expertise as an Executive Coach<\/h3>\n\n\n\n<p style=\"font-size:clamp(14px, 0.875rem + ((1vw - 3.2px) * 0.455), 18px);\">Over the past six years, I have partnered with mid- to senior-level leaders across sectors such as banking, pharmaceuticals, technology, government, and education. These are often thoughtful, high-capacity professionals navigating complex demands. My role is to support them in stepping back, hearing what matters beneath the noise, and making decisions that support both performance and long-term wellbeing.<\/p>\n\n\n\n<p class=\"has-text-align-center has-white-color has-text-color has-link-color wp-elements-73c390ad10f8f92fd727db1859c131a3\">.<\/p>\n\n\n\n<hr class=\"wp-block-separator has-alpha-channel-opacity\"\/>\n\n\n\n<p class=\"has-text-align-center\">Where can Coaching be useful in your life?<br>What has shaped you and your perspectives?<\/p>\n\n\n\n<div class=\"wp-block-buttons is-content-justification-center is-layout-flex wp-container-core-buttons-is-layout-a89b3969 wp-block-buttons-is-layout-flex\">\n<div class=\"wp-block-button\"><a class=\"wp-block-button__link wp-element-button\" href=\"https:\/\/tidycal.com\/manuelazeitlhofer\/30\" target=\"_blank\" rel=\"noreferrer noopener\">Schedule a <br>Discovery Conversation<\/a><\/div>\n<\/div>\n\n\n\n<p class=\"has-cyan-bluish-gray-color has-text-color has-link-color wp-elements-39d0116b779be30ec444692e2e8ff87a\">.<\/p>\n\n\n\n<figure class=\"wp-block-gallery aligncenter has-nested-images columns-default is-cropped wp-block-gallery-1 is-layout-flex wp-block-gallery-is-layout-flex\">\n<figure class=\"wp-block-image size-medium\"><img data-recalc-dims=\"1\" loading=\"lazy\" decoding=\"async\" width=\"300\" height=\"225\" data-id=\"409\" src=\"https:\/\/i0.wp.com\/creeksideinspirations.ca\/wp-content\/uploads\/2020\/11\/DSCN9917.jpg?resize=300%2C225&#038;ssl=1\" alt=\"\" class=\"wp-image-409\" srcset=\"https:\/\/i0.wp.com\/creeksideinspirations.ca\/wp-content\/uploads\/2020\/11\/DSCN9917-scaled.jpg?resize=300%2C225&amp;ssl=1 300w, https:\/\/i0.wp.com\/creeksideinspirations.ca\/wp-content\/uploads\/2020\/11\/DSCN9917-scaled.jpg?resize=1024%2C768&amp;ssl=1 1024w, https:\/\/i0.wp.com\/creeksideinspirations.ca\/wp-content\/uploads\/2020\/11\/DSCN9917-scaled.jpg?resize=768%2C576&amp;ssl=1 768w, https:\/\/i0.wp.com\/creeksideinspirations.ca\/wp-content\/uploads\/2020\/11\/DSCN9917-scaled.jpg?resize=1536%2C1152&amp;ssl=1 1536w, https:\/\/i0.wp.com\/creeksideinspirations.ca\/wp-content\/uploads\/2020\/11\/DSCN9917-scaled.jpg?resize=2048%2C1536&amp;ssl=1 2048w, https:\/\/i0.wp.com\/creeksideinspirations.ca\/wp-content\/uploads\/2020\/11\/DSCN9917-scaled.jpg?resize=380%2C285&amp;ssl=1 380w, https:\/\/i0.wp.com\/creeksideinspirations.ca\/wp-content\/uploads\/2020\/11\/DSCN9917-scaled.jpg?resize=285%2C214&amp;ssl=1 285w, https:\/\/i0.wp.com\/creeksideinspirations.ca\/wp-content\/uploads\/2020\/11\/DSCN9917-scaled.jpg?w=1280&amp;ssl=1 1280w, https:\/\/i0.wp.com\/creeksideinspirations.ca\/wp-content\/uploads\/2020\/11\/DSCN9917-scaled.jpg?w=1920&amp;ssl=1 1920w\" sizes=\"auto, (max-width: 300px) 100vw, 300px\" \/><\/figure>\n\n\n\n<figure class=\"wp-block-image size-medium\"><img data-recalc-dims=\"1\" loading=\"lazy\" decoding=\"async\" width=\"300\" height=\"200\" data-id=\"418\" src=\"https:\/\/i0.wp.com\/creeksideinspirations.ca\/wp-content\/uploads\/2020\/12\/200621-Lemon-Trees-in-Hands-8-small.jpg?resize=300%2C200&#038;ssl=1\" alt=\"\" class=\"wp-image-418\" srcset=\"https:\/\/i0.wp.com\/creeksideinspirations.ca\/wp-content\/uploads\/2020\/12\/200621-Lemon-Trees-in-Hands-8-small.jpg?resize=300%2C200&amp;ssl=1 300w, https:\/\/i0.wp.com\/creeksideinspirations.ca\/wp-content\/uploads\/2020\/12\/200621-Lemon-Trees-in-Hands-8-small.jpg?resize=1024%2C682&amp;ssl=1 1024w, https:\/\/i0.wp.com\/creeksideinspirations.ca\/wp-content\/uploads\/2020\/12\/200621-Lemon-Trees-in-Hands-8-small.jpg?resize=768%2C512&amp;ssl=1 768w, https:\/\/i0.wp.com\/creeksideinspirations.ca\/wp-content\/uploads\/2020\/12\/200621-Lemon-Trees-in-Hands-8-small.jpg?resize=1536%2C1023&amp;ssl=1 1536w, https:\/\/i0.wp.com\/creeksideinspirations.ca\/wp-content\/uploads\/2020\/12\/200621-Lemon-Trees-in-Hands-8-small.jpg?resize=570%2C380&amp;ssl=1 570w, https:\/\/i0.wp.com\/creeksideinspirations.ca\/wp-content\/uploads\/2020\/12\/200621-Lemon-Trees-in-Hands-8-small.jpg?resize=380%2C254&amp;ssl=1 380w, https:\/\/i0.wp.com\/creeksideinspirations.ca\/wp-content\/uploads\/2020\/12\/200621-Lemon-Trees-in-Hands-8-small.jpg?resize=285%2C190&amp;ssl=1 285w, https:\/\/i0.wp.com\/creeksideinspirations.ca\/wp-content\/uploads\/2020\/12\/200621-Lemon-Trees-in-Hands-8-small.jpg?w=1732&amp;ssl=1 1732w, https:\/\/i0.wp.com\/creeksideinspirations.ca\/wp-content\/uploads\/2020\/12\/200621-Lemon-Trees-in-Hands-8-small.jpg?w=1280&amp;ssl=1 1280w\" sizes=\"auto, (max-width: 300px) 100vw, 300px\" \/><\/figure>\n<\/figure>\n\n\n\n<div class=\"wp-block-group is-layout-flow wp-block-group-is-layout-flow\">\n<div class=\"wp-block-group is-layout-flow wp-block-group-is-layout-flow\">\n<figure class=\"wp-block-gallery aligncenter has-nested-images columns-default is-cropped wp-block-gallery-2 is-layout-flex wp-block-gallery-is-layout-flex\">\n<figure class=\"wp-block-image size-medium\"><img data-recalc-dims=\"1\" loading=\"lazy\" decoding=\"async\" width=\"300\" height=\"225\" data-id=\"518\" src=\"https:\/\/i0.wp.com\/creeksideinspirations.ca\/wp-content\/uploads\/2021\/07\/210726-Hiking-Quebec-Anya-Manuela.jpg?resize=300%2C225&#038;ssl=1\" alt=\"\" class=\"wp-image-518\" srcset=\"https:\/\/i0.wp.com\/creeksideinspirations.ca\/wp-content\/uploads\/2021\/07\/210726-Hiking-Quebec-Anya-Manuela.jpg?resize=300%2C225&amp;ssl=1 300w, https:\/\/i0.wp.com\/creeksideinspirations.ca\/wp-content\/uploads\/2021\/07\/210726-Hiking-Quebec-Anya-Manuela.jpg?resize=1024%2C768&amp;ssl=1 1024w, https:\/\/i0.wp.com\/creeksideinspirations.ca\/wp-content\/uploads\/2021\/07\/210726-Hiking-Quebec-Anya-Manuela.jpg?resize=768%2C576&amp;ssl=1 768w, https:\/\/i0.wp.com\/creeksideinspirations.ca\/wp-content\/uploads\/2021\/07\/210726-Hiking-Quebec-Anya-Manuela.jpg?resize=380%2C285&amp;ssl=1 380w, https:\/\/i0.wp.com\/creeksideinspirations.ca\/wp-content\/uploads\/2021\/07\/210726-Hiking-Quebec-Anya-Manuela.jpg?resize=285%2C214&amp;ssl=1 285w, https:\/\/i0.wp.com\/creeksideinspirations.ca\/wp-content\/uploads\/2021\/07\/210726-Hiking-Quebec-Anya-Manuela.jpg?w=1467&amp;ssl=1 1467w, https:\/\/i0.wp.com\/creeksideinspirations.ca\/wp-content\/uploads\/2021\/07\/210726-Hiking-Quebec-Anya-Manuela.jpg?w=1280&amp;ssl=1 1280w\" sizes=\"auto, (max-width: 300px) 100vw, 300px\" \/><\/figure>\n\n\n\n<figure class=\"wp-block-image size-medium\"><img data-recalc-dims=\"1\" loading=\"lazy\" decoding=\"async\" width=\"300\" height=\"225\" data-id=\"519\" src=\"https:\/\/i0.wp.com\/creeksideinspirations.ca\/wp-content\/uploads\/2021\/07\/210704-Manuela-Fixing-Warehouse-Roof-8.jpg?resize=300%2C225&#038;ssl=1\" alt=\"\" class=\"wp-image-519\" srcset=\"https:\/\/i0.wp.com\/creeksideinspirations.ca\/wp-content\/uploads\/2021\/07\/210704-Manuela-Fixing-Warehouse-Roof-8-scaled.jpg?resize=300%2C225&amp;ssl=1 300w, https:\/\/i0.wp.com\/creeksideinspirations.ca\/wp-content\/uploads\/2021\/07\/210704-Manuela-Fixing-Warehouse-Roof-8-scaled.jpg?resize=1024%2C768&amp;ssl=1 1024w, https:\/\/i0.wp.com\/creeksideinspirations.ca\/wp-content\/uploads\/2021\/07\/210704-Manuela-Fixing-Warehouse-Roof-8-scaled.jpg?resize=768%2C576&amp;ssl=1 768w, https:\/\/i0.wp.com\/creeksideinspirations.ca\/wp-content\/uploads\/2021\/07\/210704-Manuela-Fixing-Warehouse-Roof-8-scaled.jpg?resize=1536%2C1152&amp;ssl=1 1536w, https:\/\/i0.wp.com\/creeksideinspirations.ca\/wp-content\/uploads\/2021\/07\/210704-Manuela-Fixing-Warehouse-Roof-8-scaled.jpg?resize=2048%2C1536&amp;ssl=1 2048w, https:\/\/i0.wp.com\/creeksideinspirations.ca\/wp-content\/uploads\/2021\/07\/210704-Manuela-Fixing-Warehouse-Roof-8-scaled.jpg?resize=380%2C285&amp;ssl=1 380w, https:\/\/i0.wp.com\/creeksideinspirations.ca\/wp-content\/uploads\/2021\/07\/210704-Manuela-Fixing-Warehouse-Roof-8-scaled.jpg?resize=285%2C214&amp;ssl=1 285w, https:\/\/i0.wp.com\/creeksideinspirations.ca\/wp-content\/uploads\/2021\/07\/210704-Manuela-Fixing-Warehouse-Roof-8-scaled.jpg?w=1280&amp;ssl=1 1280w, https:\/\/i0.wp.com\/creeksideinspirations.ca\/wp-content\/uploads\/2021\/07\/210704-Manuela-Fixing-Warehouse-Roof-8-scaled.jpg?w=1920&amp;ssl=1 1920w\" sizes=\"auto, (max-width: 300px) 100vw, 300px\" \/><\/figure>\n<\/figure>\n<\/div>\n<\/div>","protected":false},"excerpt":{"rendered":"<p>My Story I was born in Austria and grew up in a small village that was sitting on a rolling hill just north of the Danube. Life was good and predictable. I felt like the world could be bigger. So I started to explore it. And that is how I landed in Canada. My goal [&hellip;]<\/p>\n","protected":false},"author":1,"featured_media":0,"parent":0,"menu_order":0,"comment_status":"closed","ping_status":"closed","template":"","meta":{"googlesitekit_rrm_CAowkvjfCw:productID":"","_coblocks_attr":"","_coblocks_dimensions":"","_coblocks_responsive_height":"","_coblocks_accordion_ie_support":"","om_disable_all_campaigns":false,"_monsterinsights_skip_tracking":false,"_monsterinsights_sitenote_active":false,"_monsterinsights_sitenote_note":"","_monsterinsights_sitenote_category":0,"jetpack_post_was_ever_published":false,"footnotes":""},"class_list":["post-38","page","type-page","status-publish","hentry"],"aioseo_notices":[],"jetpack-related-posts":[],"jetpack_sharing_enabled":true,"jetpack_likes_enabled":true,"_links":{"self":[{"href":"https:\/\/creeksideinspirations.ca\/de\/wp-json\/wp\/v2\/pages\/38","targetHints":{"allow":["GET"]}}],"collection":[{"href":"https:\/\/creeksideinspirations.ca\/de\/wp-json\/wp\/v2\/pages"}],"about":[{"href":"https:\/\/creeksideinspirations.ca\/de\/wp-json\/wp\/v2\/types\/page"}],"author":[{"embeddable":true,"href":"https:\/\/creeksideinspirations.ca\/de\/wp-json\/wp\/v2\/users\/1"}],"replies":[{"embeddable":true,"href":"https:\/\/creeksideinspirations.ca\/de\/wp-json\/wp\/v2\/comments?post=38"}],"version-history":[{"count":11,"href":"https:\/\/creeksideinspirations.ca\/de\/wp-json\/wp\/v2\/pages\/38\/revisions"}],"predecessor-version":[{"id":9211,"href":"https:\/\/creeksideinspirations.ca\/de\/wp-json\/wp\/v2\/pages\/38\/revisions\/9211"}],"wp:attachment":[{"href":"https:\/\/creeksideinspirations.ca\/de\/wp-json\/wp\/v2\/media?parent=38"}],"curies":[{"name":"wp","href":"https:\/\/api.w.org\/{rel}","templated":true}]}}