{"id":1267,"date":"2022-01-11T17:03:38","date_gmt":"2022-01-11T22:03:38","guid":{"rendered":"https:\/\/creeksideinspirations.ca\/?page_id=1267"},"modified":"2026-03-30T10:57:26","modified_gmt":"2026-03-30T14:57:26","slug":"about","status":"publish","type":"page","link":"https:\/\/creeksideinspirations.ca\/de\/about\/","title":{"rendered":"\u00dcber..."},"content":{"rendered":"<h3 class=\"wp-block-heading\" id=\"my-background\" style=\"font-size:clamp(14.642px, 0.915rem + ((1vw - 3.2px) * 0.836), 22px);\">Mein Hintergrund<\/h3>\n\n\n\n<p style=\"font-size:clamp(14px, 0.875rem + ((1vw - 3.2px) * 0.341), 17px);\">Als geb\u00fcrtige \u00d6sterreicherin \u00fcbersiedelte ich in meinen 20er Jahren nach Kanada. \nDas Leben f\u00fchrte mich in verschiedene Provinzen und Territorien, an Universit\u00e4ten und in die kanadische Wildnis und stellte mich dabei vor einzigartige Herausforderungen. Ich f\u00fchle mich am meisten inspiriert, wenn ich in das Leben von Menschen eingeladen werde, um sie auf ihrem einzigartigen Weg zu unterst\u00fctzen ...<\/p>\n\n\n\n<p style=\"font-size:clamp(14px, 0.875rem + ((1vw - 3.2px) * 0.341), 17px);\"><a href=\"https:\/\/creeksideinspirations.ca\/de\/background\/\" target=\"_blank\" rel=\"noreferrer noopener\">Mehr Dazu<\/a><\/p>\n\n\n\n<figure class=\"wp-block-image aligncenter size-large is-resized\"><img data-recalc-dims=\"1\" loading=\"lazy\" decoding=\"async\" width=\"640\" height=\"248\" src=\"https:\/\/i0.wp.com\/creeksideinspirations.ca\/wp-content\/uploads\/2021\/07\/210726-Hiking-Quebec-Anya-Manuela-Crop-1.jpg?resize=640%2C248&#038;ssl=1\" alt=\"\" class=\"wp-image-587\" style=\"width:512px;height:198px\" srcset=\"https:\/\/i0.wp.com\/creeksideinspirations.ca\/wp-content\/uploads\/2021\/07\/210726-Hiking-Quebec-Anya-Manuela-Crop-1.jpg?resize=1024%2C396&amp;ssl=1 1024w, https:\/\/i0.wp.com\/creeksideinspirations.ca\/wp-content\/uploads\/2021\/07\/210726-Hiking-Quebec-Anya-Manuela-Crop-1.jpg?resize=300%2C116&amp;ssl=1 300w, https:\/\/i0.wp.com\/creeksideinspirations.ca\/wp-content\/uploads\/2021\/07\/210726-Hiking-Quebec-Anya-Manuela-Crop-1.jpg?resize=768%2C297&amp;ssl=1 768w, https:\/\/i0.wp.com\/creeksideinspirations.ca\/wp-content\/uploads\/2021\/07\/210726-Hiking-Quebec-Anya-Manuela-Crop-1.jpg?w=1444&amp;ssl=1 1444w, https:\/\/i0.wp.com\/creeksideinspirations.ca\/wp-content\/uploads\/2021\/07\/210726-Hiking-Quebec-Anya-Manuela-Crop-1.jpg?w=1280&amp;ssl=1 1280w\" sizes=\"auto, (max-width: 640px) 100vw, 640px\" \/><\/figure>\n\n\n\n<hr class=\"wp-block-separator has-alpha-channel-opacity\"\/>\n\n\n\n<h3 class=\"wp-block-heading\" id=\"quality-control-in-the-coaching-profession\" style=\"font-size:clamp(14.642px, 0.915rem + ((1vw - 3.2px) * 0.836), 22px);\">What is Executive Life Coaching?<\/h3>\n\n\n\n<p style=\"font-size:clamp(14px, 0.875rem + ((1vw - 3.2px) * 0.341), 17px);\">Im Life-Coaching wird der Klient als kreativ, einfallsreich und vollst\u00e4ndig betrachtet: als Experte f\u00fcr sein eigenes Leben eben. Coaching konzentriert sich dabei auf die Gegenwart und die Zukunft (im Gegensatz zur Vergangenheit, mit der sich etwa die Psychotherapie besch\u00e4ftigt). Coaches arbeiten mit Kunden zusammen, um deren Potenzial zu maximieren.<\/p>\n\n\n\n<p style=\"font-size:clamp(14px, 0.875rem + ((1vw - 3.2px) * 0.341), 17px);\">Die Internationale Coaching F\u00f6deration (ICF) <a rel=\"noreferrer noopener\" href=\"https:\/\/www.coachfederation.de\/\" target=\"_blank\">definiert Coaching<\/a> als <em>\u201e...mit Kunden in einem zum Nachdenken anregenden und kreativen Prozess zusammenarbeiten, der sie dazu inspiriert, ihr pers\u00f6nliches und berufliches Potenzial zu maximieren. Der Coaching-Prozess erschlie\u00dft oft bisher ungenutzte Quellen der Vorstellungskraft, Produktivit\u00e4t und F\u00fchrungskapazit\u00e4ten<\/em>&#8221; (ICF, 2022).<\/p>\n\n\n\n<figure class=\"wp-block-image aligncenter size-large is-resized\"><img data-recalc-dims=\"1\" loading=\"lazy\" decoding=\"async\" width=\"640\" height=\"229\" src=\"https:\/\/i0.wp.com\/creeksideinspirations.ca\/wp-content\/uploads\/2022\/06\/220622-two-people-walking-robson-hatsukami-morgan-f2I7CQH_maM-unsplash-CROP.jpg?resize=640%2C229&#038;ssl=1\" alt=\"\" class=\"wp-image-2357\" style=\"width:512px\" srcset=\"https:\/\/i0.wp.com\/creeksideinspirations.ca\/wp-content\/uploads\/2022\/06\/220622-two-people-walking-robson-hatsukami-morgan-f2I7CQH_maM-unsplash-CROP-scaled.jpg?resize=1024%2C366&amp;ssl=1 1024w, https:\/\/i0.wp.com\/creeksideinspirations.ca\/wp-content\/uploads\/2022\/06\/220622-two-people-walking-robson-hatsukami-morgan-f2I7CQH_maM-unsplash-CROP-scaled.jpg?resize=300%2C107&amp;ssl=1 300w, https:\/\/i0.wp.com\/creeksideinspirations.ca\/wp-content\/uploads\/2022\/06\/220622-two-people-walking-robson-hatsukami-morgan-f2I7CQH_maM-unsplash-CROP-scaled.jpg?resize=768%2C274&amp;ssl=1 768w, https:\/\/i0.wp.com\/creeksideinspirations.ca\/wp-content\/uploads\/2022\/06\/220622-two-people-walking-robson-hatsukami-morgan-f2I7CQH_maM-unsplash-CROP-scaled.jpg?resize=1536%2C549&amp;ssl=1 1536w, https:\/\/i0.wp.com\/creeksideinspirations.ca\/wp-content\/uploads\/2022\/06\/220622-two-people-walking-robson-hatsukami-morgan-f2I7CQH_maM-unsplash-CROP-scaled.jpg?resize=2048%2C732&amp;ssl=1 2048w, https:\/\/i0.wp.com\/creeksideinspirations.ca\/wp-content\/uploads\/2022\/06\/220622-two-people-walking-robson-hatsukami-morgan-f2I7CQH_maM-unsplash-CROP-scaled.jpg?resize=18%2C6&amp;ssl=1 18w, https:\/\/i0.wp.com\/creeksideinspirations.ca\/wp-content\/uploads\/2022\/06\/220622-two-people-walking-robson-hatsukami-morgan-f2I7CQH_maM-unsplash-CROP-scaled.jpg?w=1280&amp;ssl=1 1280w, https:\/\/i0.wp.com\/creeksideinspirations.ca\/wp-content\/uploads\/2022\/06\/220622-two-people-walking-robson-hatsukami-morgan-f2I7CQH_maM-unsplash-CROP-scaled.jpg?w=1920&amp;ssl=1 1920w\" sizes=\"auto, (max-width: 640px) 100vw, 640px\" \/><\/figure>\n\n\n\n<hr class=\"wp-block-separator has-alpha-channel-opacity\"\/>\n\n\n\n<h3 class=\"wp-block-heading\" id=\"quality-control-in-the-coaching-profession\" style=\"font-size:clamp(14.642px, 0.915rem + ((1vw - 3.2px) * 0.836), 22px);\">Qualit\u00e4tsstandards im Professionellen Coaching<\/h3>\n\n\n\n<p style=\"font-size:clamp(14px, 0.875rem + ((1vw - 3.2px) * 0.227), 16px);\">Falls du dich fragst, wie die Qualit\u00e4t in einer ungeregelten Profession wie Life-Coaching eingesch\u00e4tzt werden kann...<\/p>\n\n\n\n<p style=\"font-size:clamp(14px, 0.875rem + ((1vw - 3.2px) * 0.227), 16px);\"><a href=\"https:\/\/creeksideinspirations.ca\/de\/qualitystandards\/\" target=\"_blank\" rel=\"noreferrer noopener\">Mehr Dazu<\/a><\/p>\n\n\n\n<div class=\"wp-block-group is-layout-flow wp-block-group-is-layout-flow\">\n<figure class=\"wp-block-image aligncenter size-medium is-resized\"><img data-recalc-dims=\"1\" loading=\"lazy\" decoding=\"async\" width=\"640\" height=\"431\" src=\"https:\/\/i0.wp.com\/creeksideinspirations.ca\/wp-content\/uploads\/2024\/09\/201728-compass-bearings-mountain-nature-jamie-street-_94HLr_QXo8-unsplash-edited-scaled.jpg?resize=640%2C431&#038;ssl=1\" alt=\"\" class=\"wp-image-6053\" style=\"width:492px;height:auto\" srcset=\"https:\/\/i0.wp.com\/creeksideinspirations.ca\/wp-content\/uploads\/2024\/09\/201728-compass-bearings-mountain-nature-jamie-street-_94HLr_QXo8-unsplash-edited-scaled.jpg?w=2560&amp;ssl=1 2560w, https:\/\/i0.wp.com\/creeksideinspirations.ca\/wp-content\/uploads\/2024\/09\/201728-compass-bearings-mountain-nature-jamie-street-_94HLr_QXo8-unsplash-edited-scaled.jpg?resize=300%2C202&amp;ssl=1 300w, https:\/\/i0.wp.com\/creeksideinspirations.ca\/wp-content\/uploads\/2024\/09\/201728-compass-bearings-mountain-nature-jamie-street-_94HLr_QXo8-unsplash-edited-scaled.jpg?resize=1024%2C690&amp;ssl=1 1024w, https:\/\/i0.wp.com\/creeksideinspirations.ca\/wp-content\/uploads\/2024\/09\/201728-compass-bearings-mountain-nature-jamie-street-_94HLr_QXo8-unsplash-edited-scaled.jpg?resize=768%2C517&amp;ssl=1 768w, https:\/\/i0.wp.com\/creeksideinspirations.ca\/wp-content\/uploads\/2024\/09\/201728-compass-bearings-mountain-nature-jamie-street-_94HLr_QXo8-unsplash-edited-scaled.jpg?resize=1536%2C1035&amp;ssl=1 1536w, https:\/\/i0.wp.com\/creeksideinspirations.ca\/wp-content\/uploads\/2024\/09\/201728-compass-bearings-mountain-nature-jamie-street-_94HLr_QXo8-unsplash-edited-scaled.jpg?resize=2048%2C1380&amp;ssl=1 2048w, https:\/\/i0.wp.com\/creeksideinspirations.ca\/wp-content\/uploads\/2024\/09\/201728-compass-bearings-mountain-nature-jamie-street-_94HLr_QXo8-unsplash-edited-scaled.jpg?resize=18%2C12&amp;ssl=1 18w, https:\/\/i0.wp.com\/creeksideinspirations.ca\/wp-content\/uploads\/2024\/09\/201728-compass-bearings-mountain-nature-jamie-street-_94HLr_QXo8-unsplash-edited-scaled.jpg?w=1280&amp;ssl=1 1280w, https:\/\/i0.wp.com\/creeksideinspirations.ca\/wp-content\/uploads\/2024\/09\/201728-compass-bearings-mountain-nature-jamie-street-_94HLr_QXo8-unsplash-edited-scaled.jpg?w=1920&amp;ssl=1 1920w\" sizes=\"auto, (max-width: 640px) 100vw, 640px\" \/><\/figure>\n<\/div>\n\n\n\n<hr class=\"wp-block-separator has-alpha-channel-opacity\"\/>\n\n\n\n<p class=\"has-text-align-center has-white-color has-text-color has-link-color wp-elements-73c390ad10f8f92fd727db1859c131a3\">.<\/p>\n\n\n\n<p class=\"has-text-align-center has-white-color has-text-color has-link-color wp-elements-73c390ad10f8f92fd727db1859c131a3\">.<\/p>\n\n\n\n<p class=\"has-text-align-center\">Curious?<\/p>\n\n\n\n<div class=\"wp-block-buttons is-content-justification-center is-layout-flex wp-container-core-buttons-is-layout-a89b3969 wp-block-buttons-is-layout-flex\">\n<div class=\"wp-block-button\"><a class=\"wp-block-button__link wp-element-button\" href=\"https:\/\/tidycal.com\/manuelazeitlhofer\/30\" target=\"_blank\" rel=\"noreferrer noopener\">Schedule a<br>Discovery Conversation<\/a><\/div>\n<\/div>","protected":false},"excerpt":{"rendered":"<p>My Background Born in Austria, I moved to Canada when I was in my late 20s. Life took me to different provinces and territories, to universities and to the Canadian wilderness, and it presented me with unique challenges along the way. I feel most inspired when I am invited into people&#8217;s lives to assist them [&hellip;]<\/p>\n","protected":false},"author":1,"featured_media":0,"parent":0,"menu_order":0,"comment_status":"closed","ping_status":"closed","template":"","meta":{"googlesitekit_rrm_CAowkvjfCw:productID":"","_coblocks_attr":"","_coblocks_dimensions":"","_coblocks_responsive_height":"","_coblocks_accordion_ie_support":"","om_disable_all_campaigns":false,"_monsterinsights_skip_tracking":false,"_monsterinsights_sitenote_active":false,"_monsterinsights_sitenote_note":"","_monsterinsights_sitenote_category":0,"jetpack_post_was_ever_published":false,"footnotes":""},"class_list":["post-1267","page","type-page","status-publish","hentry"],"aioseo_notices":[],"jetpack-related-posts":[],"jetpack_sharing_enabled":true,"jetpack_likes_enabled":true,"_links":{"self":[{"href":"https:\/\/creeksideinspirations.ca\/de\/wp-json\/wp\/v2\/pages\/1267","targetHints":{"allow":["GET"]}}],"collection":[{"href":"https:\/\/creeksideinspirations.ca\/de\/wp-json\/wp\/v2\/pages"}],"about":[{"href":"https:\/\/creeksideinspirations.ca\/de\/wp-json\/wp\/v2\/types\/page"}],"author":[{"embeddable":true,"href":"https:\/\/creeksideinspirations.ca\/de\/wp-json\/wp\/v2\/users\/1"}],"replies":[{"embeddable":true,"href":"https:\/\/creeksideinspirations.ca\/de\/wp-json\/wp\/v2\/comments?post=1267"}],"version-history":[{"count":7,"href":"https:\/\/creeksideinspirations.ca\/de\/wp-json\/wp\/v2\/pages\/1267\/revisions"}],"predecessor-version":[{"id":9212,"href":"https:\/\/creeksideinspirations.ca\/de\/wp-json\/wp\/v2\/pages\/1267\/revisions\/9212"}],"wp:attachment":[{"href":"https:\/\/creeksideinspirations.ca\/de\/wp-json\/wp\/v2\/media?parent=1267"}],"curies":[{"name":"wp","href":"https:\/\/api.w.org\/{rel}","templated":true}]}}