{"id":1043,"date":"2021-11-05T12:19:26","date_gmt":"2021-11-05T16:19:26","guid":{"rendered":"https:\/\/creeksideinspirations.ca\/?page_id=1043"},"modified":"2026-03-06T10:44:28","modified_gmt":"2026-03-06T15:44:28","slug":"group-memoir-writing","status":"publish","type":"page","link":"https:\/\/creeksideinspirations.ca\/de\/group-memoir-writing\/","title":{"rendered":"Gruppe: Memoiren verfassen"},"content":{"rendered":"<ul style=\"font-size:clamp(14px, 0.875rem + ((1vw - 3.2px) * 0.341), 17px);\" class=\"wp-block-list\">\n<li>Are you thinking about sharing your life story with the world?<\/li>\n\n\n\n<li>Sind Sie ein tiefsinniger Mensch, der \u00fcber das Leben den Sinn, den wir darin finden nach?<\/li>\n\n\n\n<li>Sind Sie nicht sicher, wo Sie beginnen sollen, wenn es darum geht, Ihre Geschichten aufzuschreiben?<\/li>\n\n\n\n<li>Glauben Sie an die Kraft der Unterst\u00fctzung durch Gleichgesinnte?<\/li>\n<\/ul>\n\n\n\n<p style=\"font-size:clamp(14px, 0.875rem + ((1vw - 3.2px) * 0.341), 17px);\"><strong><em>Dann k\u00f6nnte diese Gruppe f\u00fcr Sie sein!<\/em><\/strong><\/p>\n\n\n\n<p style=\"font-size:clamp(14px, 0.875rem + ((1vw - 3.2px) * 0.341), 17px);\">Als Autorin, Soziologin und Lehrerin biete ich Coaching-Gruppen f\u00fcr Menschen an, die ihre Lebensgeschichte \u00fcberdenken und aufzeichnen m\u00f6chten. Mit Schritt-f\u00fcr-Schritt-Anleitungen, zum Nachdenken anregenden Fragen und der Unterst\u00fctzung von Gleichgesinnten wird das Schreiben der eigenen Lebensgeschichte zu einer erfreulichen und machbaren T\u00e4tigkeit.<\/p>\n\n\n\n<p style=\"font-size:clamp(14px, 0.875rem + ((1vw - 3.2px) * 0.341), 17px);\"><strong>Inhalt:<\/strong> Wir behandeln grundlegende Fragen zu Memoiren, wie z. B. \u201eWas ist die Hauptbotschaft, die Sie Ihren Lesern hinterlassen m\u00f6chten?\u201c. Die Teilnehmer werden ermutigt, diese Fragen in einer Gruppe zu diskutieren und zwischen den Treffen dar\u00fcber zu schreiben. Im Rahmen des Coaching-Programms werden pers\u00f6nliche Lebensweisheiten und Lebensgeschichten gesammelt.<\/p>\n\n\n\n<p style=\"font-size:clamp(14px, 0.875rem + ((1vw - 3.2px) * 0.341), 17px);\"><strong>Ein kostenloses Einzelcoaching von 30 Minuten <\/strong>geht diesem Paket voraus. Das Ziel ist sicherzustellen, dass die Coaching-Gruppe gut zu Ihnen passt, und dass Sie gut zur Gruppe und ich als Coach gut zu Ihnen passe.<\/p>\n\n\n\n<p style=\"font-size:clamp(14px, 0.875rem + ((1vw - 3.2px) * 0.341), 17px);\">Ich freue mich darauf, von Ihnen zu h\u00f6ren!<\/p>\n\n\n\n<div class=\"wp-block-buttons is-content-justification-center is-layout-flex wp-container-core-buttons-is-layout-a89b3969 wp-block-buttons-is-layout-flex\">\n<div class=\"wp-block-button\"><a class=\"wp-block-button__link wp-element-button\" href=\"https:\/\/creeksideinspirations.ca\/de\/sign-me-up\/\" target=\"_blank\" rel=\"noreferrer noopener\">Sign Me Up<\/a><\/div>\n<\/div>\n\n\n\n<p class=\"has-white-color has-text-color has-link-color wp-elements-7e4ac651328708ea719ac0894fa30934\">.<\/p>\n\n\n\n<hr class=\"wp-block-separator has-alpha-channel-opacity\"\/>\n\n\n\n<p class=\"has-text-align-center\" style=\"font-size:clamp(14px, 0.875rem + ((1vw - 3.2px) * 0.341), 17px);\"><em>Als Coach glaube ich,<\/em><br><em>dass Sie\u00a0<strong>vollkommen<\/strong>,\u00a0<strong>kreativ\u00a0<\/strong>und\u00a0<strong>einfallsreich sind<\/strong>,<\/em><br><em>and that\u00a0<strong>you have access to your own answers<\/strong>.<\/em><br><em>Meine Aufgabe ist es, Sie dabei zu unterst\u00fctzen, diese zu finden<\/em>!<\/p>\n\n\n\n<hr class=\"wp-block-separator has-alpha-channel-opacity\"\/>\n\n\n\n<figure class=\"wp-block-image aligncenter size-large is-resized\"><img data-recalc-dims=\"1\" loading=\"lazy\" decoding=\"async\" width=\"640\" height=\"480\" src=\"https:\/\/i0.wp.com\/creeksideinspirations.ca\/wp-content\/uploads\/2021\/11\/211105-Writing-aaron-burden-xG8IQMqMITM-unsplash-small.jpg?resize=640%2C480&#038;ssl=1\" alt=\"\" class=\"wp-image-1044\" style=\"width:512px;height:384px\" srcset=\"https:\/\/i0.wp.com\/creeksideinspirations.ca\/wp-content\/uploads\/2021\/11\/211105-Writing-aaron-burden-xG8IQMqMITM-unsplash-small.jpg?resize=1024%2C768&amp;ssl=1 1024w, https:\/\/i0.wp.com\/creeksideinspirations.ca\/wp-content\/uploads\/2021\/11\/211105-Writing-aaron-burden-xG8IQMqMITM-unsplash-small.jpg?resize=300%2C225&amp;ssl=1 300w, https:\/\/i0.wp.com\/creeksideinspirations.ca\/wp-content\/uploads\/2021\/11\/211105-Writing-aaron-burden-xG8IQMqMITM-unsplash-small.jpg?resize=768%2C576&amp;ssl=1 768w, https:\/\/i0.wp.com\/creeksideinspirations.ca\/wp-content\/uploads\/2021\/11\/211105-Writing-aaron-burden-xG8IQMqMITM-unsplash-small.jpg?resize=1536%2C1153&amp;ssl=1 1536w, https:\/\/i0.wp.com\/creeksideinspirations.ca\/wp-content\/uploads\/2021\/11\/211105-Writing-aaron-burden-xG8IQMqMITM-unsplash-small.jpg?resize=380%2C285&amp;ssl=1 380w, https:\/\/i0.wp.com\/creeksideinspirations.ca\/wp-content\/uploads\/2021\/11\/211105-Writing-aaron-burden-xG8IQMqMITM-unsplash-small.jpg?resize=285%2C214&amp;ssl=1 285w, https:\/\/i0.wp.com\/creeksideinspirations.ca\/wp-content\/uploads\/2021\/11\/211105-Writing-aaron-burden-xG8IQMqMITM-unsplash-small.jpg?w=1671&amp;ssl=1 1671w, https:\/\/i0.wp.com\/creeksideinspirations.ca\/wp-content\/uploads\/2021\/11\/211105-Writing-aaron-burden-xG8IQMqMITM-unsplash-small.jpg?w=1280&amp;ssl=1 1280w\" sizes=\"auto, (max-width: 640px) 100vw, 640px\" \/><\/figure>","protected":false},"excerpt":{"rendered":"<p>Then this group might be for you! As a published writer, sociologist and teacher, I offer memoir coaching groups for people who want to reflect on and record their life stories. With step by step guidance, thought-provoking questions and the support of like-minded individuals, writing one\u2019s life story becomes a joyful and manageable task. What\u2019s [&hellip;]<\/p>\n","protected":false},"author":1,"featured_media":0,"parent":0,"menu_order":0,"comment_status":"closed","ping_status":"closed","template":"","meta":{"googlesitekit_rrm_CAowkvjfCw:productID":"","_coblocks_attr":"","_coblocks_dimensions":"","_coblocks_responsive_height":"","_coblocks_accordion_ie_support":"","om_disable_all_campaigns":false,"_monsterinsights_skip_tracking":false,"_monsterinsights_sitenote_active":false,"_monsterinsights_sitenote_note":"","_monsterinsights_sitenote_category":0,"jetpack_post_was_ever_published":false,"footnotes":""},"class_list":["post-1043","page","type-page","status-publish","hentry"],"aioseo_notices":[],"jetpack-related-posts":[],"jetpack_sharing_enabled":true,"jetpack_likes_enabled":true,"_links":{"self":[{"href":"https:\/\/creeksideinspirations.ca\/de\/wp-json\/wp\/v2\/pages\/1043","targetHints":{"allow":["GET"]}}],"collection":[{"href":"https:\/\/creeksideinspirations.ca\/de\/wp-json\/wp\/v2\/pages"}],"about":[{"href":"https:\/\/creeksideinspirations.ca\/de\/wp-json\/wp\/v2\/types\/page"}],"author":[{"embeddable":true,"href":"https:\/\/creeksideinspirations.ca\/de\/wp-json\/wp\/v2\/users\/1"}],"replies":[{"embeddable":true,"href":"https:\/\/creeksideinspirations.ca\/de\/wp-json\/wp\/v2\/comments?post=1043"}],"version-history":[{"count":5,"href":"https:\/\/creeksideinspirations.ca\/de\/wp-json\/wp\/v2\/pages\/1043\/revisions"}],"predecessor-version":[{"id":9019,"href":"https:\/\/creeksideinspirations.ca\/de\/wp-json\/wp\/v2\/pages\/1043\/revisions\/9019"}],"wp:attachment":[{"href":"https:\/\/creeksideinspirations.ca\/de\/wp-json\/wp\/v2\/media?parent=1043"}],"curies":[{"name":"wp","href":"https:\/\/api.w.org\/{rel}","templated":true}]}}